{"id":9779,"date":"2021-03-04T11:27:54","date_gmt":"2021-03-04T10:27:54","guid":{"rendered":"https:\/\/www.lite.games\/?page_id=9779"},"modified":"2021-03-04T11:27:54","modified_gmt":"2021-03-04T10:27:54","slug":"datenschutz-analyse","status":"publish","type":"page","link":"https:\/\/www.lite.games\/de\/datenschutz-analyse\/","title":{"rendered":"Datenschutz Analyse"},"content":{"rendered":"<section class=\"l-section wpb_row height_medium\"><div class=\"l-section-h i-cf\"><div class=\"g-cols vc_row via_flex valign_top type_default stacking_default\"><div class=\"vc_col-sm-12 wpb_column vc_column_container\"><div class=\"vc_column-inner\"><div class=\"wpb_wrapper\"><div class=\"g-cols wpb_row via_flex valign_top type_default stacking_default\"><div class=\"vc_col-sm-12 wpb_column vc_column_container\"><div class=\"vc_column-inner\"><div class=\"wpb_wrapper\">[vc_custom_heading text=&#8220;Datenschutz Analyse&#8220; font_container=&#8220;tag:h1|text_align:left&#8220; use_theme_fonts=&#8220;yes&#8220;]<div class=\"w-separator size_large\"><\/div>[vc_custom_heading text=&#8220;Matomo (ehemals Piwik)&#8220; font_container=&#8220;tag:h3|text_align:left&#8220; use_theme_fonts=&#8220;yes&#8220;]<div class=\"wpb_text_column\"><div class=\"wpb_wrapper\"><p>Diese Website benutzt den Open Source Webanalysedienst Matomo. Matomo verwendet Technologien, die die seiten\u00fcbergreifende Wiedererkennung des Nutzers zur Analyse des Nutzerverhaltens erm\u00f6glichen (z.B. Cookies oder Device-Fingerprinting). Die durch Matomo erfassten Informationen \u00fcber die Benutzung dieser Website werden auf unserem Server gespeichert. Die IP-Adresse wird vor der Speicherung anonymisiert.<\/p>\n<p>Mit Hilfe von Matomo sind wir in der Lage Daten \u00fcber die Nutzung unserer Website durch die Websitebesucher zu erfassen und zu analysieren. Hierdurch k\u00f6nnen wir u. a. herausfinden, wann welche Seitenaufrufe get\u00e4tigt wurden und aus welcher Region sie kommen. Au\u00dferdem erfassen wir verschiedene Logdateien (z.B. IP-Adresse, Referrer, verwendete Browser und Betriebssysteme) und k\u00f6nnen messen, ob unsere Websitebesucher bestimmte Aktionen durchf\u00fchren (z.B. Klicks, K\u00e4ufe u. \u00c4.).<\/p>\n<p>Die Nutzung dieses Analyse-Tools erfolgt auf Grundlage von Art. 6 Abs. 1 lit. f DSGVO. Der Websitebetreiber hat ein berechtigtes Interesse an der anonymisierten Analyse des Nutzerverhaltens, um sowohl sein Webangebot als auch seine Werbung zu optimieren. Sofern eine entsprechende Einwilligung abgefragt wurde (z. B. eine Einwilligung zur Speicherung von Cookies), erfolgt die Verarbeitung ausschlie\u00dflich auf Grundlage von Art. 6 Abs. 1 lit. a DSGVO; die Einwilligung ist jederzeit widerrufbar.<\/p>\n<p><strong>IP-Anonymisierung<\/strong><br \/>\nBei der Analyse mit Matomo setzen wir IP-Anonymisierung ein. Hierbei wird Ihre IP-Adresse vor der Analyse gek\u00fcrzt, sodass Sie Ihnen nicht mehr eindeutig zuordenbar ist.<\/p>\n<p><strong>Hosting<\/strong><br \/>\nWir hosten Matomo bei folgendem Drittanbieter:<\/p>\n<p>NMMN New Media Markets &amp; Networks IT-Services GmbH,<br \/>\nHaferweg 46,<br \/>\n22769 Hamburg.<\/p>\n<p><strong>Abschluss eines Vertrags \u00fcber Auftragsverarbeitung<\/strong><br \/>\nWir haben einen Vertrag \u00fcber Auftragsverarbeitung mit diesen Drittanbietern abgeschlossen, der gew\u00e4hrleistet, dass die mit Matomo erfassten Daten ausschlie\u00dflich nach unseren Weisungen und im Einklang mit der DSGVO verarbeitet werden.<\/p>\n<p>[matomo_opt_out language=de]<\/p>\n<\/div><\/div><div class=\"w-separator size_medium\"><\/div><\/div><\/div><\/div><\/div><\/div><\/div><\/div><\/div><\/div><\/section>\n","protected":false},"excerpt":{"rendered":"[vc_custom_heading text=\"Datenschutz Analyse\" font_container=\"tag:h1|text_align:left\" use_theme_fonts=\"yes\"][vc_custom_heading text=\"Matomo (ehemals Piwik)\" font_container=\"tag:h3|text_align:left\" use_theme_fonts=\"yes\"]Diese Website benutzt den Open Source Webanalysedienst Matomo. Matomo verwendet Technologien, die die seiten\u00fcbergreifende Wiedererkennung des Nutzers zur Analyse des Nutzerverhaltens erm\u00f6glichen (z.B. Cookies oder Device-Fingerprinting). Die durch Matomo erfassten Informationen \u00fcber die Benutzung dieser Website werden auf unserem Server gespeichert. Die IP-Adresse wird vor der...","protected":false},"author":10,"featured_media":0,"parent":0,"menu_order":0,"comment_status":"closed","ping_status":"closed","template":"","meta":{"footnotes":""},"class_list":["post-9779","page","type-page","status-publish","hentry"],"_links":{"self":[{"href":"https:\/\/www.lite.games\/de\/wp-json\/wp\/v2\/pages\/9779","targetHints":{"allow":["GET"]}}],"collection":[{"href":"https:\/\/www.lite.games\/de\/wp-json\/wp\/v2\/pages"}],"about":[{"href":"https:\/\/www.lite.games\/de\/wp-json\/wp\/v2\/types\/page"}],"author":[{"embeddable":true,"href":"https:\/\/www.lite.games\/de\/wp-json\/wp\/v2\/users\/10"}],"replies":[{"embeddable":true,"href":"https:\/\/www.lite.games\/de\/wp-json\/wp\/v2\/comments?post=9779"}],"version-history":[{"count":3,"href":"https:\/\/www.lite.games\/de\/wp-json\/wp\/v2\/pages\/9779\/revisions"}],"predecessor-version":[{"id":9782,"href":"https:\/\/www.lite.games\/de\/wp-json\/wp\/v2\/pages\/9779\/revisions\/9782"}],"wp:attachment":[{"href":"https:\/\/www.lite.games\/de\/wp-json\/wp\/v2\/media?parent=9779"}],"curies":[{"name":"wp","href":"https:\/\/api.w.org\/{rel}","templated":true}]}}